{"id":56,"date":"2026-03-18T21:01:58","date_gmt":"2026-03-18T21:01:58","guid":{"rendered":"https:\/\/tannuraygreencoffee.com\/?page_id=56"},"modified":"2026-03-18T21:20:53","modified_gmt":"2026-03-18T21:20:53","slug":"bize-ulasin","status":"publish","type":"page","link":"https:\/\/tannuraygreencoffee.com\/?page_id=56","title":{"rendered":"Bize Ula\u015f\u0131n"},"content":{"rendered":"\n<p>TAN NURAY KAHVE \u0130\u00c7 VE DI\u015e T\u0130CARET L\u0130M\u0130TED \u015e\u0130RKET\u0130<\/p>\n\n\n\n<p><strong>Adres :<\/strong> TOMTOM MAH. \u0130ST\u0130KLAL CAD. BEYO\u011eLU I\u015e MERKEZI NO:<br>187 \u0130\u00c7 KAPI NO: 147 BEYO\u011eLU\/ \u0130STANBUL<\/p>\n\n\n\n<p><strong>Telefon :<\/strong> +90 532 573 16 34<\/p>\n\n\n\n<p><strong>E-Mail :<\/strong> <a href=\"mailto:info@tannuraygreencoffee.com\">info@tannuraygreencoffee.com<\/a> <\/p>\n\n\n\n<p><strong>E-Mail :<\/strong> <a href=\"mailto:tannuraykahve@gmail.com\">tannuraykahve@gmail.com<\/a> <\/p>\n","protected":false},"excerpt":{"rendered":"<p>TAN NURAY KAHVE \u0130\u00c7 VE DI\u015e T\u0130CARET L\u0130M\u0130TED \u015e\u0130RKET\u0130 Adres : TOMTOM MAH. \u0130ST\u0130KLAL CAD. BEYO\u011eLU I\u015e MERKEZI NO:187 \u0130\u00c7 KAPI NO: 147 BEYO\u011eLU\/ \u0130STANBUL Telefon : +90 532 573 16 34 E-Mail : info@tannuraygreencoffee.com E-Mail : tannuraykahve@gmail.com<\/p>\n","protected":false},"author":1,"featured_media":0,"parent":0,"menu_order":0,"comment_status":"closed","ping_status":"closed","template":"","meta":{"footnotes":""},"class_list":["post-56","page","type-page","status-publish","hentry"],"yoast_head":"<!-- This site is optimized with the Yoast SEO plugin v27.2 - https:\/\/yoast.com\/product\/yoast-seo-wordpress\/ -->\n<title>Bize Ula\u015f\u0131n - T\u00fcrkiye&#039;nin g\u00fcvenilir ye\u015fil kahve tedarik\u00e7isi<\/title>\n<meta name=\"robots\" content=\"index, follow, max-snippet:-1, max-image-preview:large, max-video-preview:-1\" \/>\n<link rel=\"canonical\" href=\"https:\/\/tannuraygreencoffee.com\/?page_id=56\" \/>\n<meta property=\"og:locale\" content=\"tr_TR\" \/>\n<meta property=\"og:type\" content=\"article\" \/>\n<meta property=\"og:title\" content=\"Bize Ula\u015f\u0131n - T\u00fcrkiye&#039;nin g\u00fcvenilir ye\u015fil kahve tedarik\u00e7isi\" \/>\n<meta property=\"og:description\" content=\"TAN NURAY KAHVE \u0130\u00c7 VE DI\u015e T\u0130CARET L\u0130M\u0130TED \u015e\u0130RKET\u0130 Adres : TOMTOM MAH. \u0130ST\u0130KLAL CAD. BEYO\u011eLU I\u015e MERKEZI NO:187 \u0130\u00c7 KAPI NO: 147 BEYO\u011eLU\/ \u0130STANBUL Telefon : +90 532 573 16 34 E-Mail : info@tannuraygreencoffee.com E-Mail : tannuraykahve@gmail.com\" \/>\n<meta property=\"og:url\" content=\"https:\/\/tannuraygreencoffee.com\/?page_id=56\" \/>\n<meta property=\"og:site_name\" content=\"T\u00fcrkiye&#039;nin g\u00fcvenilir ye\u015fil kahve tedarik\u00e7isi\" \/>\n<meta property=\"article:modified_time\" content=\"2026-03-18T21:20:53+00:00\" \/>\n<meta name=\"twitter:card\" content=\"summary_large_image\" \/>\n<meta name=\"twitter:label1\" content=\"Tahmini okuma s\u00fcresi\" \/>\n\t<meta name=\"twitter:data1\" content=\"1 dakika\" \/>\n<script type=\"application\/ld+json\" class=\"yoast-schema-graph\">{\"@context\":\"https:\/\/schema.org\",\"@graph\":[{\"@type\":\"WebPage\",\"@id\":\"https:\/\/tannuraygreencoffee.com\/?page_id=56\",\"url\":\"https:\/\/tannuraygreencoffee.com\/?page_id=56\",\"name\":\"Bize Ula\u015f\u0131n - T\u00fcrkiye&#039;nin g\u00fcvenilir ye\u015fil kahve tedarik\u00e7isi\",\"isPartOf\":{\"@id\":\"https:\/\/tannuraygreencoffee.com\/#website\"},\"datePublished\":\"2026-03-18T21:01:58+00:00\",\"dateModified\":\"2026-03-18T21:20:53+00:00\",\"breadcrumb\":{\"@id\":\"https:\/\/tannuraygreencoffee.com\/?page_id=56#breadcrumb\"},\"inLanguage\":\"tr\",\"potentialAction\":[{\"@type\":\"ReadAction\",\"target\":[\"https:\/\/tannuraygreencoffee.com\/?page_id=56\"]}]},{\"@type\":\"BreadcrumbList\",\"@id\":\"https:\/\/tannuraygreencoffee.com\/?page_id=56#breadcrumb\",\"itemListElement\":[{\"@type\":\"ListItem\",\"position\":1,\"name\":\"Anasayfa\",\"item\":\"https:\/\/tannuraygreencoffee.com\/\"},{\"@type\":\"ListItem\",\"position\":2,\"name\":\"Bize Ula\u015f\u0131n\"}]},{\"@type\":\"WebSite\",\"@id\":\"https:\/\/tannuraygreencoffee.com\/#website\",\"url\":\"https:\/\/tannuraygreencoffee.com\/\",\"name\":\"T\u00fcrkiye&#039;nin g\u00fcvenilir ye\u015fil kahve tedarik\u00e7isi\",\"description\":\"\",\"potentialAction\":[{\"@type\":\"SearchAction\",\"target\":{\"@type\":\"EntryPoint\",\"urlTemplate\":\"https:\/\/tannuraygreencoffee.com\/?s={search_term_string}\"},\"query-input\":{\"@type\":\"PropertyValueSpecification\",\"valueRequired\":true,\"valueName\":\"search_term_string\"}}],\"inLanguage\":\"tr\"}]}<\/script>\n<!-- \/ Yoast SEO plugin. -->","yoast_head_json":{"title":"Bize Ula\u015f\u0131n - T\u00fcrkiye&#039;nin g\u00fcvenilir ye\u015fil kahve tedarik\u00e7isi","robots":{"index":"index","follow":"follow","max-snippet":"max-snippet:-1","max-image-preview":"max-image-preview:large","max-video-preview":"max-video-preview:-1"},"canonical":"https:\/\/tannuraygreencoffee.com\/?page_id=56","og_locale":"tr_TR","og_type":"article","og_title":"Bize Ula\u015f\u0131n - T\u00fcrkiye&#039;nin g\u00fcvenilir ye\u015fil kahve tedarik\u00e7isi","og_description":"TAN NURAY KAHVE \u0130\u00c7 VE DI\u015e T\u0130CARET L\u0130M\u0130TED \u015e\u0130RKET\u0130 Adres : TOMTOM MAH. \u0130ST\u0130KLAL CAD. BEYO\u011eLU I\u015e MERKEZI NO:187 \u0130\u00c7 KAPI NO: 147 BEYO\u011eLU\/ \u0130STANBUL Telefon : +90 532 573 16 34 E-Mail : info@tannuraygreencoffee.com E-Mail : tannuraykahve@gmail.com","og_url":"https:\/\/tannuraygreencoffee.com\/?page_id=56","og_site_name":"T\u00fcrkiye&#039;nin g\u00fcvenilir ye\u015fil kahve tedarik\u00e7isi","article_modified_time":"2026-03-18T21:20:53+00:00","twitter_card":"summary_large_image","twitter_misc":{"Tahmini okuma s\u00fcresi":"1 dakika"},"schema":{"@context":"https:\/\/schema.org","@graph":[{"@type":"WebPage","@id":"https:\/\/tannuraygreencoffee.com\/?page_id=56","url":"https:\/\/tannuraygreencoffee.com\/?page_id=56","name":"Bize Ula\u015f\u0131n - T\u00fcrkiye&#039;nin g\u00fcvenilir ye\u015fil kahve tedarik\u00e7isi","isPartOf":{"@id":"https:\/\/tannuraygreencoffee.com\/#website"},"datePublished":"2026-03-18T21:01:58+00:00","dateModified":"2026-03-18T21:20:53+00:00","breadcrumb":{"@id":"https:\/\/tannuraygreencoffee.com\/?page_id=56#breadcrumb"},"inLanguage":"tr","potentialAction":[{"@type":"ReadAction","target":["https:\/\/tannuraygreencoffee.com\/?page_id=56"]}]},{"@type":"BreadcrumbList","@id":"https:\/\/tannuraygreencoffee.com\/?page_id=56#breadcrumb","itemListElement":[{"@type":"ListItem","position":1,"name":"Anasayfa","item":"https:\/\/tannuraygreencoffee.com\/"},{"@type":"ListItem","position":2,"name":"Bize Ula\u015f\u0131n"}]},{"@type":"WebSite","@id":"https:\/\/tannuraygreencoffee.com\/#website","url":"https:\/\/tannuraygreencoffee.com\/","name":"T\u00fcrkiye&#039;nin g\u00fcvenilir ye\u015fil kahve tedarik\u00e7isi","description":"","potentialAction":[{"@type":"SearchAction","target":{"@type":"EntryPoint","urlTemplate":"https:\/\/tannuraygreencoffee.com\/?s={search_term_string}"},"query-input":{"@type":"PropertyValueSpecification","valueRequired":true,"valueName":"search_term_string"}}],"inLanguage":"tr"}]}},"_links":{"self":[{"href":"https:\/\/tannuraygreencoffee.com\/index.php?rest_route=\/wp\/v2\/pages\/56","targetHints":{"allow":["GET"]}}],"collection":[{"href":"https:\/\/tannuraygreencoffee.com\/index.php?rest_route=\/wp\/v2\/pages"}],"about":[{"href":"https:\/\/tannuraygreencoffee.com\/index.php?rest_route=\/wp\/v2\/types\/page"}],"author":[{"embeddable":true,"href":"https:\/\/tannuraygreencoffee.com\/index.php?rest_route=\/wp\/v2\/users\/1"}],"replies":[{"embeddable":true,"href":"https:\/\/tannuraygreencoffee.com\/index.php?rest_route=%2Fwp%2Fv2%2Fcomments&post=56"}],"version-history":[{"count":2,"href":"https:\/\/tannuraygreencoffee.com\/index.php?rest_route=\/wp\/v2\/pages\/56\/revisions"}],"predecessor-version":[{"id":62,"href":"https:\/\/tannuraygreencoffee.com\/index.php?rest_route=\/wp\/v2\/pages\/56\/revisions\/62"}],"wp:attachment":[{"href":"https:\/\/tannuraygreencoffee.com\/index.php?rest_route=%2Fwp%2Fv2%2Fmedia&parent=56"}],"curies":[{"name":"wp","href":"https:\/\/api.w.org\/{rel}","templated":true}]}}