{"id":41,"date":"2026-03-18T20:41:32","date_gmt":"2026-03-18T20:41:32","guid":{"rendered":"https:\/\/tannuraygreencoffee.com\/?page_id=41"},"modified":"2026-03-18T20:41:34","modified_gmt":"2026-03-18T20:41:34","slug":"hakkimizda-2","status":"publish","type":"page","link":"https:\/\/tannuraygreencoffee.com\/?page_id=41","title":{"rendered":"HAKKIMIZDA"},"content":{"rendered":"\n<figure class=\"wp-block-image size-large\"><img fetchpriority=\"high\" decoding=\"async\" width=\"1024\" height=\"559\" src=\"https:\/\/tannuraygreencoffee.com\/wp-content\/uploads\/2026\/03\/Gemini_Generated_Image_e0attye0attye0at-1024x559.jpeg\" alt=\"\" class=\"wp-image-36\" srcset=\"https:\/\/tannuraygreencoffee.com\/wp-content\/uploads\/2026\/03\/Gemini_Generated_Image_e0attye0attye0at-1024x559.jpeg 1024w, https:\/\/tannuraygreencoffee.com\/wp-content\/uploads\/2026\/03\/Gemini_Generated_Image_e0attye0attye0at-300x164.jpeg 300w, https:\/\/tannuraygreencoffee.com\/wp-content\/uploads\/2026\/03\/Gemini_Generated_Image_e0attye0attye0at-768x419.jpeg 768w, https:\/\/tannuraygreencoffee.com\/wp-content\/uploads\/2026\/03\/Gemini_Generated_Image_e0attye0attye0at-1536x838.jpeg 1536w, https:\/\/tannuraygreencoffee.com\/wp-content\/uploads\/2026\/03\/Gemini_Generated_Image_e0attye0attye0at-2048x1117.jpeg 2048w\" sizes=\"(max-width: 1024px) 100vw, 1024px\" \/><\/figure>\n\n\n\n<p>Kahveye olan tutkumuzla yola \u00e7\u0131karak, d\u00fcnyan\u0131n farkl\u0131 b\u00f6lgelerinden \u00f6zenle se\u00e7ilmi\u015f <strong>toptan ye\u015fil \u00e7ekirdek kahve<\/strong> tedariki sa\u011fl\u0131yoruz. Amac\u0131m\u0131z; i\u015f ortaklar\u0131m\u0131za yaln\u0131zca \u00fcr\u00fcn sunmak de\u011fil, ayn\u0131 zamanda s\u00fcrd\u00fcr\u00fclebilir kalite ve g\u00fcvenilir bir tedarik s\u00fcreci sunmakt\u0131r.<\/p>\n\n\n\n<p>Sekt\u00f6rde edindi\u011fimiz bilgi ve tecr\u00fcbeyle, her \u00e7ekirde\u011fin yeti\u015fti\u011fi topraktan fincana uzanan yolculu\u011funu yak\u0131ndan takip ediyoruz. Bu sayede m\u00fc\u015fterilerimize, izlenebilirli\u011fi y\u00fcksek, kaliteli ve tutarl\u0131 \u00fcr\u00fcnler sunabiliyoruz.<\/p>\n\n\n\n<p>\u0130\u015f ortaklar\u0131m\u0131z\u0131n ihtiya\u00e7lar\u0131n\u0131 anlayarak; do\u011fru \u00e7ekirde\u011fi, do\u011fru zamanda ve en uygun ko\u015fullarda ula\u015ft\u0131rmay\u0131 \u00f6nceli\u011fimiz olarak g\u00f6r\u00fcyoruz. \u00c7\u00fcnk\u00fc biliyoruz ki iyi kahve, do\u011fru \u00e7ekirdekle ba\u015flar.<\/p>\n\n\n\n<p>Kalite, g\u00fcven ve s\u00fcreklilik ilkelerimizle; kahve sekt\u00f6r\u00fcnde uzun vadeli i\u015f birlikleri kurmay\u0131 hedefliyoruz.<\/p>\n","protected":false},"excerpt":{"rendered":"<p>Kahveye olan tutkumuzla yola \u00e7\u0131karak, d\u00fcnyan\u0131n farkl\u0131 b\u00f6lgelerinden \u00f6zenle se\u00e7ilmi\u015f toptan ye\u015fil \u00e7ekirdek kahve tedariki sa\u011fl\u0131yoruz. Amac\u0131m\u0131z; i\u015f ortaklar\u0131m\u0131za yaln\u0131zca \u00fcr\u00fcn sunmak de\u011fil, ayn\u0131 zamanda s\u00fcrd\u00fcr\u00fclebilir kalite ve g\u00fcvenilir bir tedarik s\u00fcreci sunmakt\u0131r. Sekt\u00f6rde edindi\u011fimiz bilgi ve tecr\u00fcbeyle, her \u00e7ekirde\u011fin yeti\u015fti\u011fi topraktan fincana uzanan yolculu\u011funu yak\u0131ndan takip ediyoruz. Bu sayede m\u00fc\u015fterilerimize, izlenebilirli\u011fi y\u00fcksek, kaliteli ve [&hellip;]<\/p>\n","protected":false},"author":1,"featured_media":0,"parent":0,"menu_order":0,"comment_status":"closed","ping_status":"closed","template":"","meta":{"footnotes":""},"class_list":["post-41","page","type-page","status-publish","hentry"],"yoast_head":"<!-- This site is optimized with the Yoast SEO plugin v27.2 - https:\/\/yoast.com\/product\/yoast-seo-wordpress\/ -->\n<title>HAKKIMIZDA - T\u00fcrkiye&#039;nin g\u00fcvenilir ye\u015fil kahve tedarik\u00e7isi<\/title>\n<meta name=\"robots\" content=\"index, follow, max-snippet:-1, max-image-preview:large, max-video-preview:-1\" \/>\n<link rel=\"canonical\" href=\"https:\/\/tannuraygreencoffee.com\/?page_id=41\" \/>\n<meta property=\"og:locale\" content=\"tr_TR\" \/>\n<meta property=\"og:type\" content=\"article\" \/>\n<meta property=\"og:title\" content=\"HAKKIMIZDA - T\u00fcrkiye&#039;nin g\u00fcvenilir ye\u015fil kahve tedarik\u00e7isi\" \/>\n<meta property=\"og:description\" content=\"Kahveye olan tutkumuzla yola \u00e7\u0131karak, d\u00fcnyan\u0131n farkl\u0131 b\u00f6lgelerinden \u00f6zenle se\u00e7ilmi\u015f toptan ye\u015fil \u00e7ekirdek kahve tedariki sa\u011fl\u0131yoruz. Amac\u0131m\u0131z; i\u015f ortaklar\u0131m\u0131za yaln\u0131zca \u00fcr\u00fcn sunmak de\u011fil, ayn\u0131 zamanda s\u00fcrd\u00fcr\u00fclebilir kalite ve g\u00fcvenilir bir tedarik s\u00fcreci sunmakt\u0131r. Sekt\u00f6rde edindi\u011fimiz bilgi ve tecr\u00fcbeyle, her \u00e7ekirde\u011fin yeti\u015fti\u011fi topraktan fincana uzanan yolculu\u011funu yak\u0131ndan takip ediyoruz. Bu sayede m\u00fc\u015fterilerimize, izlenebilirli\u011fi y\u00fcksek, kaliteli ve [&hellip;]\" \/>\n<meta property=\"og:url\" content=\"https:\/\/tannuraygreencoffee.com\/?page_id=41\" \/>\n<meta property=\"og:site_name\" content=\"T\u00fcrkiye&#039;nin g\u00fcvenilir ye\u015fil kahve tedarik\u00e7isi\" \/>\n<meta property=\"article:modified_time\" content=\"2026-03-18T20:41:34+00:00\" \/>\n<meta property=\"og:image\" content=\"https:\/\/tannuraygreencoffee.com\/wp-content\/uploads\/2026\/03\/Gemini_Generated_Image_e0attye0attye0at-scaled.jpeg\" \/>\n\t<meta property=\"og:image:width\" content=\"2560\" \/>\n\t<meta property=\"og:image:height\" content=\"1396\" \/>\n\t<meta property=\"og:image:type\" content=\"image\/jpeg\" \/>\n<meta name=\"twitter:card\" content=\"summary_large_image\" \/>\n<meta name=\"twitter:label1\" content=\"Tahmini okuma s\u00fcresi\" \/>\n\t<meta name=\"twitter:data1\" content=\"1 dakika\" \/>\n<script type=\"application\/ld+json\" class=\"yoast-schema-graph\">{\"@context\":\"https:\/\/schema.org\",\"@graph\":[{\"@type\":\"WebPage\",\"@id\":\"https:\/\/tannuraygreencoffee.com\/?page_id=41\",\"url\":\"https:\/\/tannuraygreencoffee.com\/?page_id=41\",\"name\":\"HAKKIMIZDA - T\u00fcrkiye&#039;nin g\u00fcvenilir ye\u015fil kahve tedarik\u00e7isi\",\"isPartOf\":{\"@id\":\"https:\/\/tannuraygreencoffee.com\/#website\"},\"primaryImageOfPage\":{\"@id\":\"https:\/\/tannuraygreencoffee.com\/?page_id=41#primaryimage\"},\"image\":{\"@id\":\"https:\/\/tannuraygreencoffee.com\/?page_id=41#primaryimage\"},\"thumbnailUrl\":\"https:\/\/tannuraygreencoffee.com\/wp-content\/uploads\/2026\/03\/Gemini_Generated_Image_e0attye0attye0at-1024x559.jpeg\",\"datePublished\":\"2026-03-18T20:41:32+00:00\",\"dateModified\":\"2026-03-18T20:41:34+00:00\",\"breadcrumb\":{\"@id\":\"https:\/\/tannuraygreencoffee.com\/?page_id=41#breadcrumb\"},\"inLanguage\":\"tr\",\"potentialAction\":[{\"@type\":\"ReadAction\",\"target\":[\"https:\/\/tannuraygreencoffee.com\/?page_id=41\"]}]},{\"@type\":\"ImageObject\",\"inLanguage\":\"tr\",\"@id\":\"https:\/\/tannuraygreencoffee.com\/?page_id=41#primaryimage\",\"url\":\"https:\/\/tannuraygreencoffee.com\/wp-content\/uploads\/2026\/03\/Gemini_Generated_Image_e0attye0attye0at-scaled.jpeg\",\"contentUrl\":\"https:\/\/tannuraygreencoffee.com\/wp-content\/uploads\/2026\/03\/Gemini_Generated_Image_e0attye0attye0at-scaled.jpeg\",\"width\":2560,\"height\":1396},{\"@type\":\"BreadcrumbList\",\"@id\":\"https:\/\/tannuraygreencoffee.com\/?page_id=41#breadcrumb\",\"itemListElement\":[{\"@type\":\"ListItem\",\"position\":1,\"name\":\"Anasayfa\",\"item\":\"https:\/\/tannuraygreencoffee.com\/\"},{\"@type\":\"ListItem\",\"position\":2,\"name\":\"HAKKIMIZDA\"}]},{\"@type\":\"WebSite\",\"@id\":\"https:\/\/tannuraygreencoffee.com\/#website\",\"url\":\"https:\/\/tannuraygreencoffee.com\/\",\"name\":\"T\u00fcrkiye&#039;nin g\u00fcvenilir ye\u015fil kahve tedarik\u00e7isi\",\"description\":\"\",\"potentialAction\":[{\"@type\":\"SearchAction\",\"target\":{\"@type\":\"EntryPoint\",\"urlTemplate\":\"https:\/\/tannuraygreencoffee.com\/?s={search_term_string}\"},\"query-input\":{\"@type\":\"PropertyValueSpecification\",\"valueRequired\":true,\"valueName\":\"search_term_string\"}}],\"inLanguage\":\"tr\"}]}<\/script>\n<!-- \/ Yoast SEO plugin. -->","yoast_head_json":{"title":"HAKKIMIZDA - T\u00fcrkiye&#039;nin g\u00fcvenilir ye\u015fil kahve tedarik\u00e7isi","robots":{"index":"index","follow":"follow","max-snippet":"max-snippet:-1","max-image-preview":"max-image-preview:large","max-video-preview":"max-video-preview:-1"},"canonical":"https:\/\/tannuraygreencoffee.com\/?page_id=41","og_locale":"tr_TR","og_type":"article","og_title":"HAKKIMIZDA - T\u00fcrkiye&#039;nin g\u00fcvenilir ye\u015fil kahve tedarik\u00e7isi","og_description":"Kahveye olan tutkumuzla yola \u00e7\u0131karak, d\u00fcnyan\u0131n farkl\u0131 b\u00f6lgelerinden \u00f6zenle se\u00e7ilmi\u015f toptan ye\u015fil \u00e7ekirdek kahve tedariki sa\u011fl\u0131yoruz. Amac\u0131m\u0131z; i\u015f ortaklar\u0131m\u0131za yaln\u0131zca \u00fcr\u00fcn sunmak de\u011fil, ayn\u0131 zamanda s\u00fcrd\u00fcr\u00fclebilir kalite ve g\u00fcvenilir bir tedarik s\u00fcreci sunmakt\u0131r. Sekt\u00f6rde edindi\u011fimiz bilgi ve tecr\u00fcbeyle, her \u00e7ekirde\u011fin yeti\u015fti\u011fi topraktan fincana uzanan yolculu\u011funu yak\u0131ndan takip ediyoruz. Bu sayede m\u00fc\u015fterilerimize, izlenebilirli\u011fi y\u00fcksek, kaliteli ve [&hellip;]","og_url":"https:\/\/tannuraygreencoffee.com\/?page_id=41","og_site_name":"T\u00fcrkiye&#039;nin g\u00fcvenilir ye\u015fil kahve tedarik\u00e7isi","article_modified_time":"2026-03-18T20:41:34+00:00","og_image":[{"width":2560,"height":1396,"url":"https:\/\/tannuraygreencoffee.com\/wp-content\/uploads\/2026\/03\/Gemini_Generated_Image_e0attye0attye0at-scaled.jpeg","type":"image\/jpeg"}],"twitter_card":"summary_large_image","twitter_misc":{"Tahmini okuma s\u00fcresi":"1 dakika"},"schema":{"@context":"https:\/\/schema.org","@graph":[{"@type":"WebPage","@id":"https:\/\/tannuraygreencoffee.com\/?page_id=41","url":"https:\/\/tannuraygreencoffee.com\/?page_id=41","name":"HAKKIMIZDA - T\u00fcrkiye&#039;nin g\u00fcvenilir ye\u015fil kahve tedarik\u00e7isi","isPartOf":{"@id":"https:\/\/tannuraygreencoffee.com\/#website"},"primaryImageOfPage":{"@id":"https:\/\/tannuraygreencoffee.com\/?page_id=41#primaryimage"},"image":{"@id":"https:\/\/tannuraygreencoffee.com\/?page_id=41#primaryimage"},"thumbnailUrl":"https:\/\/tannuraygreencoffee.com\/wp-content\/uploads\/2026\/03\/Gemini_Generated_Image_e0attye0attye0at-1024x559.jpeg","datePublished":"2026-03-18T20:41:32+00:00","dateModified":"2026-03-18T20:41:34+00:00","breadcrumb":{"@id":"https:\/\/tannuraygreencoffee.com\/?page_id=41#breadcrumb"},"inLanguage":"tr","potentialAction":[{"@type":"ReadAction","target":["https:\/\/tannuraygreencoffee.com\/?page_id=41"]}]},{"@type":"ImageObject","inLanguage":"tr","@id":"https:\/\/tannuraygreencoffee.com\/?page_id=41#primaryimage","url":"https:\/\/tannuraygreencoffee.com\/wp-content\/uploads\/2026\/03\/Gemini_Generated_Image_e0attye0attye0at-scaled.jpeg","contentUrl":"https:\/\/tannuraygreencoffee.com\/wp-content\/uploads\/2026\/03\/Gemini_Generated_Image_e0attye0attye0at-scaled.jpeg","width":2560,"height":1396},{"@type":"BreadcrumbList","@id":"https:\/\/tannuraygreencoffee.com\/?page_id=41#breadcrumb","itemListElement":[{"@type":"ListItem","position":1,"name":"Anasayfa","item":"https:\/\/tannuraygreencoffee.com\/"},{"@type":"ListItem","position":2,"name":"HAKKIMIZDA"}]},{"@type":"WebSite","@id":"https:\/\/tannuraygreencoffee.com\/#website","url":"https:\/\/tannuraygreencoffee.com\/","name":"T\u00fcrkiye&#039;nin g\u00fcvenilir ye\u015fil kahve tedarik\u00e7isi","description":"","potentialAction":[{"@type":"SearchAction","target":{"@type":"EntryPoint","urlTemplate":"https:\/\/tannuraygreencoffee.com\/?s={search_term_string}"},"query-input":{"@type":"PropertyValueSpecification","valueRequired":true,"valueName":"search_term_string"}}],"inLanguage":"tr"}]}},"_links":{"self":[{"href":"https:\/\/tannuraygreencoffee.com\/index.php?rest_route=\/wp\/v2\/pages\/41","targetHints":{"allow":["GET"]}}],"collection":[{"href":"https:\/\/tannuraygreencoffee.com\/index.php?rest_route=\/wp\/v2\/pages"}],"about":[{"href":"https:\/\/tannuraygreencoffee.com\/index.php?rest_route=\/wp\/v2\/types\/page"}],"author":[{"embeddable":true,"href":"https:\/\/tannuraygreencoffee.com\/index.php?rest_route=\/wp\/v2\/users\/1"}],"replies":[{"embeddable":true,"href":"https:\/\/tannuraygreencoffee.com\/index.php?rest_route=%2Fwp%2Fv2%2Fcomments&post=41"}],"version-history":[{"count":1,"href":"https:\/\/tannuraygreencoffee.com\/index.php?rest_route=\/wp\/v2\/pages\/41\/revisions"}],"predecessor-version":[{"id":42,"href":"https:\/\/tannuraygreencoffee.com\/index.php?rest_route=\/wp\/v2\/pages\/41\/revisions\/42"}],"wp:attachment":[{"href":"https:\/\/tannuraygreencoffee.com\/index.php?rest_route=%2Fwp%2Fv2%2Fmedia&parent=41"}],"curies":[{"name":"wp","href":"https:\/\/api.w.org\/{rel}","templated":true}]}}